{"id":663,"date":"2025-07-02T08:31:45","date_gmt":"2025-07-02T08:31:45","guid":{"rendered":"https:\/\/animatests.com\/fmlng2\/?page_id=262"},"modified":"2025-10-03T16:18:35","modified_gmt":"2025-10-03T14:18:35","slug":"our-history","status":"publish","type":"page","link":"https:\/\/mozambiquelngfoundation.org\/en\/about-us\/our-history\/","title":{"rendered":"Our History"},"content":{"rendered":"<p>[vc_row][vc_column width=&#8221;1\/6&#8243;][\/vc_column][vc_column width=&#8221;2\/3&#8243;][vc_row_inner][vc_column_inner width=&#8221;1\/2&#8243;][vc_custom_heading text=&#8221;Our History&#8221; font_container=&#8221;tag:h2|text_align:left|color:%231c823a&#8221; use_theme_fonts=&#8221;yes&#8221; el_class=&#8221;page-title&#8221;][vc_empty_space height=&#8221;60px&#8221;][vc_column_text]<\/p>\n<h3>Recognizing the once-in-a-generation opportunity this project represents to seed economic expansion and contribute to the <strong>transformation of quality of life for all Mozambicans<\/strong>, starting in Cabo Delgado, the Joint Venture partners are committed to <strong>invest responsibly towards shared prosperity<\/strong>, without waiting for the expected revenue of the production phase.<\/h3>\n<p>[\/vc_column_text][\/vc_column_inner][vc_column_inner width=&#8221;1\/2&#8243;][vc_column_text]<\/p>\n<p>&nbsp;<\/p>\n<p>&nbsp;<\/p>\n<p>In 2022, the Mozambique LNG consortium launched the Pamoja Tunaweza initiative (\u201cTogether We Can\u201d in Kiswahili)\u2014a community-driven program designed in collaboration with local communities, government authorities, and civil society to foster socio-economic progress near its industrial operations, mainly in the district of Palma.[\/vc_column_text][vc_column_text]<\/p>\n<p>&nbsp;<\/p>\n<p>&nbsp;<\/p>\n<p>Recognizing the initiative\u2019s positive outcomes as well as its limitations, the consortium partners took a decisive step to broaden their impact. They established <strong>a dedicated foundation, incorporated under Mozambican law in December 2023, with the mission to support the long-term development priorities of the entire Cabo Delgado province.<\/strong>[\/vc_column_text][\/vc_column_inner][\/vc_row_inner][vc_empty_space height=&#8221;45px&#8221;][\/vc_column][vc_column width=&#8221;1\/6&#8243;][\/vc_column][\/vc_row][vc_row full_width=&#8221;stretch_row_content_no_spaces&#8221; el_class=&#8221;image-separator&#8221;][vc_column][vc_single_image image=&#8221;142&#8243; img_size=&#8221;full&#8221;][\/vc_column][\/vc_row][vc_row][vc_column][vc_empty_space height=&#8221;80px&#8221;][\/vc_column][\/vc_row]<\/p>\n","protected":false},"excerpt":{"rendered":"<p>[vc_row][vc_column width=&#8221;1\/6&#8243;][\/vc_column][vc_column width=&#8221;2\/3&#8243;][vc_row_inner][vc_column_inner width=&#8221;1\/2&#8243;][vc_custom_heading text=&#8221;Our History&#8221; font_container=&#8221;tag:h2|text_align:left|color:%231c823a&#8221; use_theme_fonts=&#8221;yes&#8221; el_class=&#8221;page-title&#8221;][vc_empty_space height=&#8221;60px&#8221;][vc_column_text] Recognizing the once-in-a-generation opportunity this project represents to seed economic expansion and contribute to the transformation of quality of life for all Mozambicans, starting in Cabo Delgado, the Joint Venture partners are committed to invest responsibly towards shared prosperity, without waiting for the expected revenue [&hellip;]<\/p>\n","protected":false},"author":1,"featured_media":0,"parent":662,"menu_order":0,"comment_status":"closed","ping_status":"closed","template":"","meta":{"footnotes":""},"class_list":["post-663","page","type-page","status-publish","hentry"],"yoast_head":"<!-- This site is optimized with the Yoast SEO plugin v27.5 - https:\/\/yoast.com\/product\/yoast-seo-wordpress\/ -->\n<title>Our History - Funda\u00e7\u00e3o Mozambique LNG<\/title>\n<meta name=\"description\" content=\"Discover the history of the Mozambique LNG Foundation, from its founding to its lasting impact on communities in Cabo Delgado.\" \/>\n<meta name=\"robots\" content=\"index, follow, max-snippet:-1, max-image-preview:large, max-video-preview:-1\" \/>\n<link rel=\"canonical\" href=\"https:\/\/mozambiquelngfoundation.org\/en\/about-us\/our-history\/\" \/>\n<meta property=\"og:locale\" content=\"en_US\" \/>\n<meta property=\"og:type\" content=\"article\" \/>\n<meta property=\"og:title\" content=\"Our History - Funda\u00e7\u00e3o Mozambique LNG\" \/>\n<meta property=\"og:description\" content=\"Discover the history of the Mozambique LNG Foundation, from its founding to its lasting impact on communities in Cabo Delgado.\" \/>\n<meta property=\"og:url\" content=\"https:\/\/mozambiquelngfoundation.org\/en\/about-us\/our-history\/\" \/>\n<meta property=\"og:site_name\" content=\"Funda\u00e7\u00e3o Mozambique LNG\" \/>\n<meta property=\"article:publisher\" content=\"https:\/\/www.facebook.com\/profile.php?id=61575219521505\" \/>\n<meta property=\"article:modified_time\" content=\"2025-10-03T14:18:35+00:00\" \/>\n<meta name=\"twitter:card\" content=\"summary_large_image\" \/>\n<meta name=\"twitter:label1\" content=\"Est. reading time\" \/>\n\t<meta name=\"twitter:data1\" content=\"1 minute\" \/>\n<script type=\"application\/ld+json\" class=\"yoast-schema-graph\">{\"@context\":\"https:\\\/\\\/schema.org\",\"@graph\":[{\"@type\":\"WebPage\",\"@id\":\"https:\\\/\\\/mozambiquelngfoundation.org\\\/en\\\/about-us\\\/our-history\\\/\",\"url\":\"https:\\\/\\\/mozambiquelngfoundation.org\\\/en\\\/about-us\\\/our-history\\\/\",\"name\":\"Our History - Funda\u00e7\u00e3o Mozambique LNG\",\"isPartOf\":{\"@id\":\"https:\\\/\\\/mozambiquelngfoundation.org\\\/en\\\/#website\"},\"datePublished\":\"2025-07-02T08:31:45+00:00\",\"dateModified\":\"2025-10-03T14:18:35+00:00\",\"description\":\"Discover the history of the Mozambique LNG Foundation, from its founding to its lasting impact on communities in Cabo Delgado.\",\"breadcrumb\":{\"@id\":\"https:\\\/\\\/mozambiquelngfoundation.org\\\/en\\\/about-us\\\/our-history\\\/#breadcrumb\"},\"inLanguage\":\"en-US\",\"potentialAction\":[{\"@type\":\"ReadAction\",\"target\":[\"https:\\\/\\\/mozambiquelngfoundation.org\\\/en\\\/about-us\\\/our-history\\\/\"]}]},{\"@type\":\"BreadcrumbList\",\"@id\":\"https:\\\/\\\/mozambiquelngfoundation.org\\\/en\\\/about-us\\\/our-history\\\/#breadcrumb\",\"itemListElement\":[{\"@type\":\"ListItem\",\"position\":1,\"name\":\"Home\",\"item\":\"https:\\\/\\\/mozambiquelngfoundation.org\\\/en\\\/\"},{\"@type\":\"ListItem\",\"position\":2,\"name\":\"About Us\",\"item\":\"https:\\\/\\\/mozambiquelngfoundation.org\\\/sobre-nos\\\/\"},{\"@type\":\"ListItem\",\"position\":3,\"name\":\"Our History\"}]},{\"@type\":\"WebSite\",\"@id\":\"https:\\\/\\\/mozambiquelngfoundation.org\\\/en\\\/#website\",\"url\":\"https:\\\/\\\/mozambiquelngfoundation.org\\\/en\\\/\",\"name\":\"Funda\u00e7\u00e3o Mozambique LNG\",\"description\":\"No \u00e2mbito do Projecto Mo\u00e7ambique LNG, esta iniciativa teve como objectivo promover o desenvolvimento sustent\u00e1vel, a preserva\u00e7\u00e3o ambiental e a diversifica\u00e7\u00e3o econ\u00f3mica em Cabo Delgado.\",\"publisher\":{\"@id\":\"https:\\\/\\\/mozambiquelngfoundation.org\\\/en\\\/#organization\"},\"potentialAction\":[{\"@type\":\"SearchAction\",\"target\":{\"@type\":\"EntryPoint\",\"urlTemplate\":\"https:\\\/\\\/mozambiquelngfoundation.org\\\/en\\\/?s={search_term_string}\"},\"query-input\":{\"@type\":\"PropertyValueSpecification\",\"valueRequired\":true,\"valueName\":\"search_term_string\"}}],\"inLanguage\":\"en-US\"},{\"@type\":\"Organization\",\"@id\":\"https:\\\/\\\/mozambiquelngfoundation.org\\\/en\\\/#organization\",\"name\":\"Funda\u00e7\u00e3o Mozambique LNG\",\"url\":\"https:\\\/\\\/mozambiquelngfoundation.org\\\/en\\\/\",\"logo\":{\"@type\":\"ImageObject\",\"inLanguage\":\"en-US\",\"@id\":\"https:\\\/\\\/mozambiquelngfoundation.org\\\/en\\\/#\\\/schema\\\/logo\\\/image\\\/\",\"url\":\"https:\\\/\\\/mozambiquelngfoundation.org\\\/wp-content\\\/uploads\\\/2025\\\/07\\\/logo-fundacao-pt.png\",\"contentUrl\":\"https:\\\/\\\/mozambiquelngfoundation.org\\\/wp-content\\\/uploads\\\/2025\\\/07\\\/logo-fundacao-pt.png\",\"width\":300,\"height\":102,\"caption\":\"Funda\u00e7\u00e3o Mozambique LNG\"},\"image\":{\"@id\":\"https:\\\/\\\/mozambiquelngfoundation.org\\\/en\\\/#\\\/schema\\\/logo\\\/image\\\/\"},\"sameAs\":[\"https:\\\/\\\/www.facebook.com\\\/profile.php?id=61575219521505\"]}]}<\/script>\n<!-- \/ Yoast SEO plugin. -->","yoast_head_json":{"title":"Our History - Funda\u00e7\u00e3o Mozambique LNG","description":"Discover the history of the Mozambique LNG Foundation, from its founding to its lasting impact on communities in Cabo Delgado.","robots":{"index":"index","follow":"follow","max-snippet":"max-snippet:-1","max-image-preview":"max-image-preview:large","max-video-preview":"max-video-preview:-1"},"canonical":"https:\/\/mozambiquelngfoundation.org\/en\/about-us\/our-history\/","og_locale":"en_US","og_type":"article","og_title":"Our History - Funda\u00e7\u00e3o Mozambique LNG","og_description":"Discover the history of the Mozambique LNG Foundation, from its founding to its lasting impact on communities in Cabo Delgado.","og_url":"https:\/\/mozambiquelngfoundation.org\/en\/about-us\/our-history\/","og_site_name":"Funda\u00e7\u00e3o Mozambique LNG","article_publisher":"https:\/\/www.facebook.com\/profile.php?id=61575219521505","article_modified_time":"2025-10-03T14:18:35+00:00","twitter_card":"summary_large_image","twitter_misc":{"Est. reading time":"1 minute"},"schema":{"@context":"https:\/\/schema.org","@graph":[{"@type":"WebPage","@id":"https:\/\/mozambiquelngfoundation.org\/en\/about-us\/our-history\/","url":"https:\/\/mozambiquelngfoundation.org\/en\/about-us\/our-history\/","name":"Our History - Funda\u00e7\u00e3o Mozambique LNG","isPartOf":{"@id":"https:\/\/mozambiquelngfoundation.org\/en\/#website"},"datePublished":"2025-07-02T08:31:45+00:00","dateModified":"2025-10-03T14:18:35+00:00","description":"Discover the history of the Mozambique LNG Foundation, from its founding to its lasting impact on communities in Cabo Delgado.","breadcrumb":{"@id":"https:\/\/mozambiquelngfoundation.org\/en\/about-us\/our-history\/#breadcrumb"},"inLanguage":"en-US","potentialAction":[{"@type":"ReadAction","target":["https:\/\/mozambiquelngfoundation.org\/en\/about-us\/our-history\/"]}]},{"@type":"BreadcrumbList","@id":"https:\/\/mozambiquelngfoundation.org\/en\/about-us\/our-history\/#breadcrumb","itemListElement":[{"@type":"ListItem","position":1,"name":"Home","item":"https:\/\/mozambiquelngfoundation.org\/en\/"},{"@type":"ListItem","position":2,"name":"About Us","item":"https:\/\/mozambiquelngfoundation.org\/sobre-nos\/"},{"@type":"ListItem","position":3,"name":"Our History"}]},{"@type":"WebSite","@id":"https:\/\/mozambiquelngfoundation.org\/en\/#website","url":"https:\/\/mozambiquelngfoundation.org\/en\/","name":"Funda\u00e7\u00e3o Mozambique LNG","description":"No \u00e2mbito do Projecto Mo\u00e7ambique LNG, esta iniciativa teve como objectivo promover o desenvolvimento sustent\u00e1vel, a preserva\u00e7\u00e3o ambiental e a diversifica\u00e7\u00e3o econ\u00f3mica em Cabo Delgado.","publisher":{"@id":"https:\/\/mozambiquelngfoundation.org\/en\/#organization"},"potentialAction":[{"@type":"SearchAction","target":{"@type":"EntryPoint","urlTemplate":"https:\/\/mozambiquelngfoundation.org\/en\/?s={search_term_string}"},"query-input":{"@type":"PropertyValueSpecification","valueRequired":true,"valueName":"search_term_string"}}],"inLanguage":"en-US"},{"@type":"Organization","@id":"https:\/\/mozambiquelngfoundation.org\/en\/#organization","name":"Funda\u00e7\u00e3o Mozambique LNG","url":"https:\/\/mozambiquelngfoundation.org\/en\/","logo":{"@type":"ImageObject","inLanguage":"en-US","@id":"https:\/\/mozambiquelngfoundation.org\/en\/#\/schema\/logo\/image\/","url":"https:\/\/mozambiquelngfoundation.org\/wp-content\/uploads\/2025\/07\/logo-fundacao-pt.png","contentUrl":"https:\/\/mozambiquelngfoundation.org\/wp-content\/uploads\/2025\/07\/logo-fundacao-pt.png","width":300,"height":102,"caption":"Funda\u00e7\u00e3o Mozambique LNG"},"image":{"@id":"https:\/\/mozambiquelngfoundation.org\/en\/#\/schema\/logo\/image\/"},"sameAs":["https:\/\/www.facebook.com\/profile.php?id=61575219521505"]}]}},"_links":{"self":[{"href":"https:\/\/mozambiquelngfoundation.org\/en\/wp-json\/wp\/v2\/pages\/663","targetHints":{"allow":["GET"]}}],"collection":[{"href":"https:\/\/mozambiquelngfoundation.org\/en\/wp-json\/wp\/v2\/pages"}],"about":[{"href":"https:\/\/mozambiquelngfoundation.org\/en\/wp-json\/wp\/v2\/types\/page"}],"author":[{"embeddable":true,"href":"https:\/\/mozambiquelngfoundation.org\/en\/wp-json\/wp\/v2\/users\/1"}],"replies":[{"embeddable":true,"href":"https:\/\/mozambiquelngfoundation.org\/en\/wp-json\/wp\/v2\/comments?post=663"}],"version-history":[{"count":4,"href":"https:\/\/mozambiquelngfoundation.org\/en\/wp-json\/wp\/v2\/pages\/663\/revisions"}],"predecessor-version":[{"id":1071,"href":"https:\/\/mozambiquelngfoundation.org\/en\/wp-json\/wp\/v2\/pages\/663\/revisions\/1071"}],"up":[{"embeddable":true,"href":"https:\/\/mozambiquelngfoundation.org\/en\/wp-json\/wp\/v2\/pages\/662"}],"wp:attachment":[{"href":"https:\/\/mozambiquelngfoundation.org\/en\/wp-json\/wp\/v2\/media?parent=663"}],"curies":[{"name":"wp","href":"https:\/\/api.w.org\/{rel}","templated":true}]}}