{"id":667,"date":"2025-07-02T08:33:01","date_gmt":"2025-07-02T08:33:01","guid":{"rendered":"https:\/\/animatests.com\/fmlng2\/?page_id=272"},"modified":"2025-07-16T10:35:23","modified_gmt":"2025-07-16T08:35:23","slug":"our-pillars","status":"publish","type":"page","link":"https:\/\/mozambiquelngfoundation.org\/en\/how-we-work\/our-pillars\/","title":{"rendered":"Our Pillars"},"content":{"rendered":"<p>[vc_row][vc_column width=&#8221;1\/6&#8243;][\/vc_column][vc_column width=&#8221;2\/3&#8243;][vc_row_inner][vc_column_inner][vc_custom_heading text=&#8221;Our Pillars&#8221; use_theme_fonts=&#8221;yes&#8221; el_class=&#8221;page-title&#8221;][\/vc_column_inner][\/vc_row_inner][\/vc_column][vc_column width=&#8221;1\/6&#8243;][\/vc_column][\/vc_row][vc_row full_width=&#8221;stretch_row_content_no_spaces&#8221;][vc_column][vc_single_image image=&#8221;520&#8243; img_size=&#8221;full&#8221;][vc_custom_heading text=&#8221;Human Capital Development Pillar&#8221; use_theme_fonts=&#8221;yes&#8221; css_animation=&#8221;left-to-right&#8221; el_class=&#8221;section-title&#8221;][\/vc_column][\/vc_row][vc_row][vc_column][vc_empty_space height=&#8221;45px&#8221;][\/vc_column][\/vc_row][vc_row][vc_column width=&#8221;1\/6&#8243;][\/vc_column][vc_column width=&#8221;2\/3&#8243;][vc_row_inner][vc_column_inner width=&#8221;1\/2&#8243;][vc_single_image image=&#8221;523&#8243; img_size=&#8221;full&#8221;][\/vc_column_inner][vc_column_inner width=&#8221;1\/2&#8243;][vc_custom_heading text=&#8221;Early Childhood Development&#8221; font_container=&#8221;tag:h3|text_align:left|color:%231c823a&#8221; use_theme_fonts=&#8221;yes&#8221;][vc_column_text]Investing in early childhood yields some of the highest returns for societal development- research conducted by the World Bank has shown that high-quality early childhood programs can yield up to $17 in societal returns for every $1 invested. In a context where chronic malnutrition and child mortality remain high, it lays the foundation for long-term cognitive, emotional, and physical well-being, while also creating a critical entry point for broader community engagement. In line with the national strategy for early childhood development, the Foundation promotes community-based infrastructure and equipment, specialized training for local caregivers and educators, and integrated interventions in nutrition, vaccination, and cognitive development. These efforts are complemented by social job creation and community volunteering schemes. Beyond the direct impact on children, the program engages mothers, parents, and the wider community, creating platforms for additional benefits such as birth registration, maternal health, and reproductive health.[\/vc_column_text][\/vc_column_inner][\/vc_row_inner][\/vc_column][vc_column width=&#8221;1\/6&#8243;][\/vc_column][\/vc_row][vc_row css=&#8221;.vc_custom_1751452533394{background-color: #fdf7e3 !important;}&#8221;][vc_column width=&#8221;1\/6&#8243;][\/vc_column][vc_column width=&#8221;2\/3&#8243;][vc_row_inner][vc_column_inner el_class=&#8221;animate-text-slide&#8221; width=&#8221;1\/2&#8243;][vc_custom_heading text=&#8221;Primary and Secondary Education and Alphabetization&#8221; font_container=&#8221;tag:h3|text_align:left|color:%231c823a&#8221; use_theme_fonts=&#8221;yes&#8221;][vc_column_text]With high illiteracy and school dropout rates &#8211; especially among girls &#8211; there is an urgent need to break cycles of exclusion and promote access and retention for greater social and economic mobility, resilience, and future participation. The main objective is to keep children in school, with a particular emphasis on girls in both primary and secondary education.<\/p>\n<p>These efforts are designed to create inclusive, equitable, and quality learning environments that empower individuals and communities, while addressing the structural barriers that hinder educational progress in Cabo Delgado.[\/vc_column_text][\/vc_column_inner][vc_column_inner width=&#8221;1\/2&#8243;][vc_single_image image=&#8221;353&#8243; img_size=&#8221;full&#8221;][\/vc_column_inner][\/vc_row_inner][\/vc_column][vc_column width=&#8221;1\/6&#8243;][\/vc_column][\/vc_row][vc_row][vc_column width=&#8221;1\/6&#8243;][\/vc_column][vc_column width=&#8221;2\/3&#8243;][vc_row_inner][vc_column_inner width=&#8221;1\/2&#8243;][vc_single_image image=&#8221;525&#8243; img_size=&#8221;full&#8221;][\/vc_column_inner][vc_column_inner width=&#8221;1\/2&#8243;][vc_custom_heading text=&#8221;Youth Skilling and Employability&#8221; font_container=&#8221;tag:h3|text_align:left|color:%231c823a&#8221; use_theme_fonts=&#8221;yes&#8221;][vc_column_text]Labour market constraints and low education levels make it essential to expand access to skills training and livelihood opportunities. The Foundation supports specialized training in sectors with both low capacity and high job creation potential\u2014such as engineering, health, renewable energy, tourism, and education.<\/p>\n<p>This includes investments in training infrastructure and equipment, vocational and tertiary scholarship schemes, internship programs, and paid community volunteering. Special attention is given to designing community-based schemes that are inclusive of unskilled and illiterate youth, ensuring no one is left behind.<\/p>\n<p>By equipping young people with relevant skills and connecting them to employment pathways, the Foundation aims to foster a generation of engaged, productive youth who actively contribute to their communities\u2019 development.[\/vc_column_text][\/vc_column_inner][\/vc_row_inner][\/vc_column][vc_column width=&#8221;1\/6&#8243;][\/vc_column][\/vc_row][vc_row][vc_column][vc_empty_space height=&#8221;45px&#8221;][\/vc_column][\/vc_row][vc_row full_width=&#8221;stretch_row_content_no_spaces&#8221;][vc_column][vc_single_image image=&#8221;527&#8243; img_size=&#8221;full&#8221;][vc_custom_heading text=&#8221;Economic Diversification Pilar&#8221; use_theme_fonts=&#8221;yes&#8221; css_animation=&#8221;left-to-right&#8221; el_class=&#8221;section-title&#8221;][\/vc_column][\/vc_row][vc_row][vc_column][vc_empty_space height=&#8221;45px&#8221;][\/vc_column][\/vc_row][vc_row][vc_column width=&#8221;1\/6&#8243;][\/vc_column][vc_column width=&#8221;2\/3&#8243;][vc_row_inner][vc_column_inner][vc_single_image image=&#8221;529&#8243; img_size=&#8221;full&#8221;][vc_custom_heading text=&#8221;Access to Energy&#8221; font_container=&#8221;tag:h3|text_align:left|color:%231c823a&#8221; use_theme_fonts=&#8221;yes&#8221;][vc_column_text]Access to energy is a critical enabler of economic activity and social services. Yet, only one-third of Mozambique\u2019s population has electricity access, dropping to just 5% in rural areas. The Foundation supports initiatives that address both off-grid and on-grid energy needs, while also promoting clean cooking solutions.<\/p>\n<p>As a corporately initiated institution, the Foundation is uniquely positioned to support the Government\u2019s \u201cEnergy for All by 2030\u201d agenda. It promotes off-grid collective and individual solutions in selected communities and facilitates access to compressed natural gas. These efforts aim to close the energy gap, improve quality of life, and unlock new opportunities for inclusive development.[\/vc_column_text][\/vc_column_inner][\/vc_row_inner][\/vc_column][vc_column width=&#8221;1\/6&#8243;][\/vc_column][\/vc_row][vc_row css=&#8221;.vc_custom_1751452834964{background-color: #C03C3D29 !important;}&#8221;][vc_column width=&#8221;1\/6&#8243;][\/vc_column][vc_column width=&#8221;2\/3&#8243;][vc_row_inner][vc_column_inner el_class=&#8221;animate-text-slide&#8221; width=&#8221;1\/2&#8243;][vc_custom_heading text=&#8221;Community Development and Resilience&#8221; font_container=&#8221;tag:h3|text_align:left|color:%231c823a&#8221; use_theme_fonts=&#8221;yes&#8221;][vc_column_text]Building sustainable and empowered communities requires targeted investments in economic activities and financial literacy. The Foundation supports initiatives that strengthen community capacity to save, invest, and access financial products tailored to their development needs.<\/p>\n<p>Support is based on community priorities and includes:<\/p>\n<ul>\n<li>Cash-for-work and rapid employment schemes<\/li>\n<li>Seed investments (in cash or kind) for small businesses and cooperatives in key sectors such as construction, transport, creative industries, agriculture, agro-processing, fisheries, and renewables<\/li>\n<li>Community investment and development funds using the Community-Driven Development (CDD) model, which empowers communities to identify, plan, and implement their own projects<\/li>\n<\/ul>\n<div><\/div>\n<p>The Foundation also looks to promote financial literacy and work with microfinance institutions to develop products suited to the realities of rural and underserved communities.[\/vc_column_text][\/vc_column_inner][vc_column_inner width=&#8221;1\/2&#8243;][vc_single_image image=&#8221;531&#8243; img_size=&#8221;full&#8221;][\/vc_column_inner][\/vc_row_inner][\/vc_column][vc_column width=&#8221;1\/6&#8243;][\/vc_column][\/vc_row][vc_row][vc_column width=&#8221;1\/6&#8243;][\/vc_column][vc_column width=&#8221;2\/3&#8243;][vc_row_inner][vc_column_inner width=&#8221;1\/2&#8243;][vc_single_image image=&#8221;363&#8243; img_size=&#8221;full&#8221;][\/vc_column_inner][vc_column_inner width=&#8221;1\/2&#8243;][vc_custom_heading text=&#8221;Support to Employment Generating Private Sector&#8221; font_container=&#8221;tag:h3|text_align:left|color:%231c823a&#8221; use_theme_fonts=&#8221;yes&#8221;][vc_column_text]The Foundation supports the private sector as a key driver of job creation and economic growth. It provides financial, risk-sharing, and capacity-building tools to help local businesses grow sustainably and meet market demands.<\/p>\n<p>Initial efforts will focus on a select group of local enterprises operating in Cabo Delgado, helping them meet universal compliance standards and progressively integrate into more competitive markets. The Foundation also promotes an employment-generating impact financing model, using capital to drive positive social outcomes.<\/p>\n<p>Investments will prioritize businesses with strong potential for job creation, scalability, market resilience, and social impact, moving beyond subsistence to sustainable economic growth.[\/vc_column_text][\/vc_column_inner][\/vc_row_inner][\/vc_column][vc_column width=&#8221;1\/6&#8243;][\/vc_column][\/vc_row][vc_row][vc_column][vc_empty_space height=&#8221;60px&#8221;][\/vc_column][\/vc_row]<\/p>\n","protected":false},"excerpt":{"rendered":"<p>[vc_row][vc_column width=&#8221;1\/6&#8243;][\/vc_column][vc_column width=&#8221;2\/3&#8243;][vc_row_inner][vc_column_inner][vc_custom_heading text=&#8221;Our Pillars&#8221; use_theme_fonts=&#8221;yes&#8221; el_class=&#8221;page-title&#8221;][\/vc_column_inner][\/vc_row_inner][\/vc_column][vc_column width=&#8221;1\/6&#8243;][\/vc_column][\/vc_row][vc_row full_width=&#8221;stretch_row_content_no_spaces&#8221;][vc_column][vc_single_image image=&#8221;520&#8243; img_size=&#8221;full&#8221;][vc_custom_heading text=&#8221;Human Capital Development Pillar&#8221; use_theme_fonts=&#8221;yes&#8221; css_animation=&#8221;left-to-right&#8221; el_class=&#8221;section-title&#8221;][\/vc_column][\/vc_row][vc_row][vc_column][vc_empty_space height=&#8221;45px&#8221;][\/vc_column][\/vc_row][vc_row][vc_column width=&#8221;1\/6&#8243;][\/vc_column][vc_column width=&#8221;2\/3&#8243;][vc_row_inner][vc_column_inner width=&#8221;1\/2&#8243;][vc_single_image image=&#8221;523&#8243; img_size=&#8221;full&#8221;][\/vc_column_inner][vc_column_inner width=&#8221;1\/2&#8243;][vc_custom_heading text=&#8221;Early Childhood Development&#8221; font_container=&#8221;tag:h3|text_align:left|color:%231c823a&#8221; use_theme_fonts=&#8221;yes&#8221;][vc_column_text]Investing in early childhood yields some of the highest returns for societal development- research conducted by the World Bank has shown that high-quality early childhood programs [&hellip;]<\/p>\n","protected":false},"author":1,"featured_media":0,"parent":270,"menu_order":0,"comment_status":"closed","ping_status":"closed","template":"","meta":{"footnotes":""},"class_list":["post-667","page","type-page","status-publish","hentry"],"yoast_head":"<!-- This site is optimized with the Yoast SEO plugin v27.4 - https:\/\/yoast.com\/product\/yoast-seo-wordpress\/ -->\n<title>Our Pillars - Funda\u00e7\u00e3o Mozambique LNG<\/title>\n<meta name=\"description\" content=\"The Mozambique LNG Foundation boosts human capital and economic diversification in Cabo Delgado through training, jobs, and sustainable opportunity creation.\" \/>\n<meta name=\"robots\" content=\"index, follow, max-snippet:-1, max-image-preview:large, max-video-preview:-1\" \/>\n<link rel=\"canonical\" href=\"https:\/\/mozambiquelngfoundation.org\/en\/how-we-work\/our-pillars\/\" \/>\n<meta property=\"og:locale\" content=\"en_US\" \/>\n<meta property=\"og:type\" content=\"article\" \/>\n<meta property=\"og:title\" content=\"Our Pillars - Funda\u00e7\u00e3o Mozambique LNG\" \/>\n<meta property=\"og:description\" content=\"The Mozambique LNG Foundation boosts human capital and economic diversification in Cabo Delgado through training, jobs, and sustainable opportunity creation.\" \/>\n<meta property=\"og:url\" content=\"https:\/\/mozambiquelngfoundation.org\/en\/how-we-work\/our-pillars\/\" \/>\n<meta property=\"og:site_name\" content=\"Funda\u00e7\u00e3o Mozambique LNG\" \/>\n<meta property=\"article:publisher\" content=\"https:\/\/www.facebook.com\/profile.php?id=61575219521505\" \/>\n<meta property=\"article:modified_time\" content=\"2025-07-16T08:35:23+00:00\" \/>\n<meta name=\"twitter:card\" content=\"summary_large_image\" \/>\n<meta name=\"twitter:label1\" content=\"Est. reading time\" \/>\n\t<meta name=\"twitter:data1\" content=\"5 minutes\" \/>\n<script type=\"application\/ld+json\" class=\"yoast-schema-graph\">{\"@context\":\"https:\\\/\\\/schema.org\",\"@graph\":[{\"@type\":\"WebPage\",\"@id\":\"https:\\\/\\\/mozambiquelngfoundation.org\\\/en\\\/how-we-work\\\/our-pillars\\\/\",\"url\":\"https:\\\/\\\/mozambiquelngfoundation.org\\\/en\\\/how-we-work\\\/our-pillars\\\/\",\"name\":\"Our Pillars - Funda\u00e7\u00e3o Mozambique LNG\",\"isPartOf\":{\"@id\":\"https:\\\/\\\/mozambiquelngfoundation.org\\\/en\\\/#website\"},\"datePublished\":\"2025-07-02T08:33:01+00:00\",\"dateModified\":\"2025-07-16T08:35:23+00:00\",\"description\":\"The Mozambique LNG Foundation boosts human capital and economic diversification in Cabo Delgado through training, jobs, and sustainable opportunity creation.\",\"breadcrumb\":{\"@id\":\"https:\\\/\\\/mozambiquelngfoundation.org\\\/en\\\/how-we-work\\\/our-pillars\\\/#breadcrumb\"},\"inLanguage\":\"en-US\",\"potentialAction\":[{\"@type\":\"ReadAction\",\"target\":[\"https:\\\/\\\/mozambiquelngfoundation.org\\\/en\\\/how-we-work\\\/our-pillars\\\/\"]}]},{\"@type\":\"BreadcrumbList\",\"@id\":\"https:\\\/\\\/mozambiquelngfoundation.org\\\/en\\\/how-we-work\\\/our-pillars\\\/#breadcrumb\",\"itemListElement\":[{\"@type\":\"ListItem\",\"position\":1,\"name\":\"Home\",\"item\":\"https:\\\/\\\/mozambiquelngfoundation.org\\\/en\\\/\"},{\"@type\":\"ListItem\",\"position\":2,\"name\":\"How We Work\",\"item\":\"https:\\\/\\\/mozambiquelngfoundation.org\\\/como-trabalhamos\\\/\"},{\"@type\":\"ListItem\",\"position\":3,\"name\":\"Our Pillars\"}]},{\"@type\":\"WebSite\",\"@id\":\"https:\\\/\\\/mozambiquelngfoundation.org\\\/en\\\/#website\",\"url\":\"https:\\\/\\\/mozambiquelngfoundation.org\\\/en\\\/\",\"name\":\"Funda\u00e7\u00e3o Mozambique LNG\",\"description\":\"No \u00e2mbito do Projecto Mo\u00e7ambique LNG, esta iniciativa teve como objectivo promover o desenvolvimento sustent\u00e1vel, a preserva\u00e7\u00e3o ambiental e a diversifica\u00e7\u00e3o econ\u00f3mica em Cabo Delgado.\",\"publisher\":{\"@id\":\"https:\\\/\\\/mozambiquelngfoundation.org\\\/en\\\/#organization\"},\"potentialAction\":[{\"@type\":\"SearchAction\",\"target\":{\"@type\":\"EntryPoint\",\"urlTemplate\":\"https:\\\/\\\/mozambiquelngfoundation.org\\\/en\\\/?s={search_term_string}\"},\"query-input\":{\"@type\":\"PropertyValueSpecification\",\"valueRequired\":true,\"valueName\":\"search_term_string\"}}],\"inLanguage\":\"en-US\"},{\"@type\":\"Organization\",\"@id\":\"https:\\\/\\\/mozambiquelngfoundation.org\\\/en\\\/#organization\",\"name\":\"Funda\u00e7\u00e3o Mozambique LNG\",\"url\":\"https:\\\/\\\/mozambiquelngfoundation.org\\\/en\\\/\",\"logo\":{\"@type\":\"ImageObject\",\"inLanguage\":\"en-US\",\"@id\":\"https:\\\/\\\/mozambiquelngfoundation.org\\\/en\\\/#\\\/schema\\\/logo\\\/image\\\/\",\"url\":\"https:\\\/\\\/mozambiquelngfoundation.org\\\/wp-content\\\/uploads\\\/2025\\\/07\\\/logo-fundacao-pt.png\",\"contentUrl\":\"https:\\\/\\\/mozambiquelngfoundation.org\\\/wp-content\\\/uploads\\\/2025\\\/07\\\/logo-fundacao-pt.png\",\"width\":300,\"height\":102,\"caption\":\"Funda\u00e7\u00e3o Mozambique LNG\"},\"image\":{\"@id\":\"https:\\\/\\\/mozambiquelngfoundation.org\\\/en\\\/#\\\/schema\\\/logo\\\/image\\\/\"},\"sameAs\":[\"https:\\\/\\\/www.facebook.com\\\/profile.php?id=61575219521505\"]}]}<\/script>\n<!-- \/ Yoast SEO plugin. -->","yoast_head_json":{"title":"Our Pillars - Funda\u00e7\u00e3o Mozambique LNG","description":"The Mozambique LNG Foundation boosts human capital and economic diversification in Cabo Delgado through training, jobs, and sustainable opportunity creation.","robots":{"index":"index","follow":"follow","max-snippet":"max-snippet:-1","max-image-preview":"max-image-preview:large","max-video-preview":"max-video-preview:-1"},"canonical":"https:\/\/mozambiquelngfoundation.org\/en\/how-we-work\/our-pillars\/","og_locale":"en_US","og_type":"article","og_title":"Our Pillars - Funda\u00e7\u00e3o Mozambique LNG","og_description":"The Mozambique LNG Foundation boosts human capital and economic diversification in Cabo Delgado through training, jobs, and sustainable opportunity creation.","og_url":"https:\/\/mozambiquelngfoundation.org\/en\/how-we-work\/our-pillars\/","og_site_name":"Funda\u00e7\u00e3o Mozambique LNG","article_publisher":"https:\/\/www.facebook.com\/profile.php?id=61575219521505","article_modified_time":"2025-07-16T08:35:23+00:00","twitter_card":"summary_large_image","twitter_misc":{"Est. reading time":"5 minutes"},"schema":{"@context":"https:\/\/schema.org","@graph":[{"@type":"WebPage","@id":"https:\/\/mozambiquelngfoundation.org\/en\/how-we-work\/our-pillars\/","url":"https:\/\/mozambiquelngfoundation.org\/en\/how-we-work\/our-pillars\/","name":"Our Pillars - Funda\u00e7\u00e3o Mozambique LNG","isPartOf":{"@id":"https:\/\/mozambiquelngfoundation.org\/en\/#website"},"datePublished":"2025-07-02T08:33:01+00:00","dateModified":"2025-07-16T08:35:23+00:00","description":"The Mozambique LNG Foundation boosts human capital and economic diversification in Cabo Delgado through training, jobs, and sustainable opportunity creation.","breadcrumb":{"@id":"https:\/\/mozambiquelngfoundation.org\/en\/how-we-work\/our-pillars\/#breadcrumb"},"inLanguage":"en-US","potentialAction":[{"@type":"ReadAction","target":["https:\/\/mozambiquelngfoundation.org\/en\/how-we-work\/our-pillars\/"]}]},{"@type":"BreadcrumbList","@id":"https:\/\/mozambiquelngfoundation.org\/en\/how-we-work\/our-pillars\/#breadcrumb","itemListElement":[{"@type":"ListItem","position":1,"name":"Home","item":"https:\/\/mozambiquelngfoundation.org\/en\/"},{"@type":"ListItem","position":2,"name":"How We Work","item":"https:\/\/mozambiquelngfoundation.org\/como-trabalhamos\/"},{"@type":"ListItem","position":3,"name":"Our Pillars"}]},{"@type":"WebSite","@id":"https:\/\/mozambiquelngfoundation.org\/en\/#website","url":"https:\/\/mozambiquelngfoundation.org\/en\/","name":"Funda\u00e7\u00e3o Mozambique LNG","description":"No \u00e2mbito do Projecto Mo\u00e7ambique LNG, esta iniciativa teve como objectivo promover o desenvolvimento sustent\u00e1vel, a preserva\u00e7\u00e3o ambiental e a diversifica\u00e7\u00e3o econ\u00f3mica em Cabo Delgado.","publisher":{"@id":"https:\/\/mozambiquelngfoundation.org\/en\/#organization"},"potentialAction":[{"@type":"SearchAction","target":{"@type":"EntryPoint","urlTemplate":"https:\/\/mozambiquelngfoundation.org\/en\/?s={search_term_string}"},"query-input":{"@type":"PropertyValueSpecification","valueRequired":true,"valueName":"search_term_string"}}],"inLanguage":"en-US"},{"@type":"Organization","@id":"https:\/\/mozambiquelngfoundation.org\/en\/#organization","name":"Funda\u00e7\u00e3o Mozambique LNG","url":"https:\/\/mozambiquelngfoundation.org\/en\/","logo":{"@type":"ImageObject","inLanguage":"en-US","@id":"https:\/\/mozambiquelngfoundation.org\/en\/#\/schema\/logo\/image\/","url":"https:\/\/mozambiquelngfoundation.org\/wp-content\/uploads\/2025\/07\/logo-fundacao-pt.png","contentUrl":"https:\/\/mozambiquelngfoundation.org\/wp-content\/uploads\/2025\/07\/logo-fundacao-pt.png","width":300,"height":102,"caption":"Funda\u00e7\u00e3o Mozambique LNG"},"image":{"@id":"https:\/\/mozambiquelngfoundation.org\/en\/#\/schema\/logo\/image\/"},"sameAs":["https:\/\/www.facebook.com\/profile.php?id=61575219521505"]}]}},"_links":{"self":[{"href":"https:\/\/mozambiquelngfoundation.org\/en\/wp-json\/wp\/v2\/pages\/667","targetHints":{"allow":["GET"]}}],"collection":[{"href":"https:\/\/mozambiquelngfoundation.org\/en\/wp-json\/wp\/v2\/pages"}],"about":[{"href":"https:\/\/mozambiquelngfoundation.org\/en\/wp-json\/wp\/v2\/types\/page"}],"author":[{"embeddable":true,"href":"https:\/\/mozambiquelngfoundation.org\/en\/wp-json\/wp\/v2\/users\/1"}],"replies":[{"embeddable":true,"href":"https:\/\/mozambiquelngfoundation.org\/en\/wp-json\/wp\/v2\/comments?post=667"}],"version-history":[{"count":2,"href":"https:\/\/mozambiquelngfoundation.org\/en\/wp-json\/wp\/v2\/pages\/667\/revisions"}],"predecessor-version":[{"id":830,"href":"https:\/\/mozambiquelngfoundation.org\/en\/wp-json\/wp\/v2\/pages\/667\/revisions\/830"}],"up":[{"embeddable":true,"href":"https:\/\/mozambiquelngfoundation.org\/en\/wp-json\/wp\/v2\/pages\/270"}],"wp:attachment":[{"href":"https:\/\/mozambiquelngfoundation.org\/en\/wp-json\/wp\/v2\/media?parent=667"}],"curies":[{"name":"wp","href":"https:\/\/api.w.org\/{rel}","templated":true}]}}