{"id":669,"date":"2025-07-02T08:33:33","date_gmt":"2025-07-02T08:33:33","guid":{"rendered":"https:\/\/animatests.com\/fmlng2\/?page_id=276"},"modified":"2025-07-16T10:44:46","modified_gmt":"2025-07-16T08:44:46","slug":"cross-cutting-dimensions","status":"publish","type":"page","link":"https:\/\/mozambiquelngfoundation.org\/en\/how-we-work\/cross-cutting-dimensions\/","title":{"rendered":"Cross Cutting Dimensions"},"content":{"rendered":"<p>[vc_row][vc_column width=&#8221;1\/6&#8243;][\/vc_column][vc_column width=&#8221;2\/3&#8243;][vc_custom_heading text=&#8221;Cross Cutting Dimensions&#8221; use_theme_fonts=&#8221;yes&#8221; el_class=&#8221;page-title&#8221;][vc_column_text]To ensure our programs are effective and sustainable, we integrate four cross cutting dimensions into everything we do:[\/vc_column_text][\/vc_column][vc_column width=&#8221;1\/6&#8243;][\/vc_column][\/vc_row][vc_row full_width=&#8221;stretch_row_content_no_spaces&#8221;][vc_column][vc_single_image image=&#8221;32&#8243; img_size=&#8221;full&#8221;][\/vc_column][\/vc_row][vc_row][vc_column width=&#8221;1\/6&#8243;][\/vc_column][vc_column width=&#8221;2\/3&#8243;][vc_empty_space height=&#8221;45px&#8221;][\/vc_column][vc_column width=&#8221;1\/6&#8243;][\/vc_column][\/vc_row][vc_row][vc_column width=&#8221;1\/6&#8243;][\/vc_column][vc_column width=&#8221;2\/3&#8243;][vc_row_inner][vc_column_inner width=&#8221;1\/4&#8243;][vc_single_image image=&#8221;511&#8243; img_size=&#8221;full&#8221;][\/vc_column_inner][vc_column_inner width=&#8221;1\/4&#8243;][vc_custom_heading text=&#8221;Infrastructure and Equipment&#8221; font_container=&#8221;tag:h5|text_align:left|color:%231c823a&#8221; use_theme_fonts=&#8221;yes&#8221;][vc_column_text]We invest strategically in infrastructure\u2014from schools and health posts to community facilities and economic assets.<br \/>\nThese investments are essential for lasting impact, especially when paired with value chain approaches that strengthen local economies.[\/vc_column_text][\/vc_column_inner][vc_column_inner width=&#8221;1\/4&#8243;][vc_single_image image=&#8221;513&#8243; img_size=&#8221;full&#8221;][\/vc_column_inner][vc_column_inner width=&#8221;1\/4&#8243;][vc_custom_heading text=&#8221;Institutional Capacity Building&#8221; font_container=&#8221;tag:h5|text_align:left|color:%231c823a&#8221; use_theme_fonts=&#8221;yes&#8221;][vc_column_text]Strengthening the capabilities of both governmental and non-governmental institutions is central to our model.<br \/>\nBy empowering local actors at all levels, we ensure that interventions are owned, sustained, and delivered efficiently.[\/vc_column_text][\/vc_column_inner][\/vc_row_inner][vc_row_inner][vc_column_inner width=&#8221;1\/4&#8243;][vc_single_image image=&#8221;515&#8243; img_size=&#8221;full&#8221;][\/vc_column_inner][vc_column_inner width=&#8221;1\/4&#8243;][vc_custom_heading text=&#8221;Youth and Gender Focus&#8221; font_container=&#8221;tag:h5|text_align:left|color:%231c823a&#8221; use_theme_fonts=&#8221;yes&#8221;][vc_column_text]We place a strong emphasis on gender equity and youth empowerment. Our programs promote inclusive participation and equitable access to opportunities, with targeted efforts to uplift girls, women, and young people.[\/vc_column_text][\/vc_column_inner][vc_column_inner width=&#8221;1\/4&#8243;][vc_single_image image=&#8221;517&#8243; img_size=&#8221;full&#8221;][\/vc_column_inner][vc_column_inner width=&#8221;1\/4&#8243;][vc_custom_heading text=&#8221;Strategic Coordination and Partnerships&#8221; font_container=&#8221;tag:h5|text_align:left|color:%231c823a&#8221; use_theme_fonts=&#8221;yes&#8221;][vc_column_text]We actively coordinate with government, development partners, and the private sector to amplify impact. By fostering alliances and leveraging existing platforms, we help align efforts around shared goals and maximize collective outcomes.[\/vc_column_text][\/vc_column_inner][\/vc_row_inner][\/vc_column][vc_column width=&#8221;1\/6&#8243;][\/vc_column][\/vc_row][vc_row][vc_column][vc_empty_space height=&#8221;40px&#8221;][\/vc_column][\/vc_row]<\/p>\n","protected":false},"excerpt":{"rendered":"<p>[vc_row][vc_column width=&#8221;1\/6&#8243;][\/vc_column][vc_column width=&#8221;2\/3&#8243;][vc_custom_heading text=&#8221;Cross Cutting Dimensions&#8221; use_theme_fonts=&#8221;yes&#8221; el_class=&#8221;page-title&#8221;][vc_column_text]To ensure our programs are effective and sustainable, we integrate four cross cutting dimensions into everything we do:[\/vc_column_text][\/vc_column][vc_column width=&#8221;1\/6&#8243;][\/vc_column][\/vc_row][vc_row full_width=&#8221;stretch_row_content_no_spaces&#8221;][vc_column][vc_single_image image=&#8221;32&#8243; img_size=&#8221;full&#8221;][\/vc_column][\/vc_row][vc_row][vc_column width=&#8221;1\/6&#8243;][\/vc_column][vc_column width=&#8221;2\/3&#8243;][vc_empty_space height=&#8221;45px&#8221;][\/vc_column][vc_column width=&#8221;1\/6&#8243;][\/vc_column][\/vc_row][vc_row][vc_column width=&#8221;1\/6&#8243;][\/vc_column][vc_column width=&#8221;2\/3&#8243;][vc_row_inner][vc_column_inner width=&#8221;1\/4&#8243;][vc_single_image image=&#8221;511&#8243; img_size=&#8221;full&#8221;][\/vc_column_inner][vc_column_inner width=&#8221;1\/4&#8243;][vc_custom_heading text=&#8221;Infrastructure and Equipment&#8221; font_container=&#8221;tag:h5|text_align:left|color:%231c823a&#8221; use_theme_fonts=&#8221;yes&#8221;][vc_column_text]We invest strategically in infrastructure\u2014from schools and health posts to community facilities [&hellip;]<\/p>\n","protected":false},"author":1,"featured_media":0,"parent":270,"menu_order":0,"comment_status":"closed","ping_status":"closed","template":"","meta":{"footnotes":""},"class_list":["post-669","page","type-page","status-publish","hentry"],"yoast_head":"<!-- This site is optimized with the Yoast SEO plugin v27.5 - https:\/\/yoast.com\/product\/yoast-seo-wordpress\/ -->\n<title>Cross Cutting Dimensions - Funda\u00e7\u00e3o Mozambique LNG<\/title>\n<meta name=\"description\" content=\"Explore the Mozambique LNG Foundation\u2019s cross-cutting dimensions, including gender equality, social inclusion, and environmental sustainability.\" \/>\n<meta name=\"robots\" content=\"index, follow, max-snippet:-1, max-image-preview:large, max-video-preview:-1\" \/>\n<link rel=\"canonical\" href=\"https:\/\/mozambiquelngfoundation.org\/en\/how-we-work\/cross-cutting-dimensions\/\" \/>\n<meta property=\"og:locale\" content=\"en_US\" \/>\n<meta property=\"og:type\" content=\"article\" \/>\n<meta property=\"og:title\" content=\"Cross Cutting Dimensions - Funda\u00e7\u00e3o Mozambique LNG\" \/>\n<meta property=\"og:description\" content=\"Explore the Mozambique LNG Foundation\u2019s cross-cutting dimensions, including gender equality, social inclusion, and environmental sustainability.\" \/>\n<meta property=\"og:url\" content=\"https:\/\/mozambiquelngfoundation.org\/en\/how-we-work\/cross-cutting-dimensions\/\" \/>\n<meta property=\"og:site_name\" content=\"Funda\u00e7\u00e3o Mozambique LNG\" \/>\n<meta property=\"article:publisher\" content=\"https:\/\/www.facebook.com\/profile.php?id=61575219521505\" \/>\n<meta property=\"article:modified_time\" content=\"2025-07-16T08:44:46+00:00\" \/>\n<meta name=\"twitter:card\" content=\"summary_large_image\" \/>\n<meta name=\"twitter:label1\" content=\"Est. reading time\" \/>\n\t<meta name=\"twitter:data1\" content=\"2 minutes\" \/>\n<script type=\"application\/ld+json\" class=\"yoast-schema-graph\">{\"@context\":\"https:\\\/\\\/schema.org\",\"@graph\":[{\"@type\":\"WebPage\",\"@id\":\"https:\\\/\\\/mozambiquelngfoundation.org\\\/en\\\/how-we-work\\\/cross-cutting-dimensions\\\/\",\"url\":\"https:\\\/\\\/mozambiquelngfoundation.org\\\/en\\\/how-we-work\\\/cross-cutting-dimensions\\\/\",\"name\":\"Cross Cutting Dimensions - Funda\u00e7\u00e3o Mozambique LNG\",\"isPartOf\":{\"@id\":\"https:\\\/\\\/mozambiquelngfoundation.org\\\/en\\\/#website\"},\"datePublished\":\"2025-07-02T08:33:33+00:00\",\"dateModified\":\"2025-07-16T08:44:46+00:00\",\"description\":\"Explore the Mozambique LNG Foundation\u2019s cross-cutting dimensions, including gender equality, social inclusion, and environmental sustainability.\",\"breadcrumb\":{\"@id\":\"https:\\\/\\\/mozambiquelngfoundation.org\\\/en\\\/how-we-work\\\/cross-cutting-dimensions\\\/#breadcrumb\"},\"inLanguage\":\"en-US\",\"potentialAction\":[{\"@type\":\"ReadAction\",\"target\":[\"https:\\\/\\\/mozambiquelngfoundation.org\\\/en\\\/how-we-work\\\/cross-cutting-dimensions\\\/\"]}]},{\"@type\":\"BreadcrumbList\",\"@id\":\"https:\\\/\\\/mozambiquelngfoundation.org\\\/en\\\/how-we-work\\\/cross-cutting-dimensions\\\/#breadcrumb\",\"itemListElement\":[{\"@type\":\"ListItem\",\"position\":1,\"name\":\"Home\",\"item\":\"https:\\\/\\\/mozambiquelngfoundation.org\\\/en\\\/\"},{\"@type\":\"ListItem\",\"position\":2,\"name\":\"How We Work\",\"item\":\"https:\\\/\\\/mozambiquelngfoundation.org\\\/como-trabalhamos\\\/\"},{\"@type\":\"ListItem\",\"position\":3,\"name\":\"Cross Cutting Dimensions\"}]},{\"@type\":\"WebSite\",\"@id\":\"https:\\\/\\\/mozambiquelngfoundation.org\\\/en\\\/#website\",\"url\":\"https:\\\/\\\/mozambiquelngfoundation.org\\\/en\\\/\",\"name\":\"Funda\u00e7\u00e3o Mozambique LNG\",\"description\":\"No \u00e2mbito do Projecto Mo\u00e7ambique LNG, esta iniciativa teve como objectivo promover o desenvolvimento sustent\u00e1vel, a preserva\u00e7\u00e3o ambiental e a diversifica\u00e7\u00e3o econ\u00f3mica em Cabo Delgado.\",\"publisher\":{\"@id\":\"https:\\\/\\\/mozambiquelngfoundation.org\\\/en\\\/#organization\"},\"potentialAction\":[{\"@type\":\"SearchAction\",\"target\":{\"@type\":\"EntryPoint\",\"urlTemplate\":\"https:\\\/\\\/mozambiquelngfoundation.org\\\/en\\\/?s={search_term_string}\"},\"query-input\":{\"@type\":\"PropertyValueSpecification\",\"valueRequired\":true,\"valueName\":\"search_term_string\"}}],\"inLanguage\":\"en-US\"},{\"@type\":\"Organization\",\"@id\":\"https:\\\/\\\/mozambiquelngfoundation.org\\\/en\\\/#organization\",\"name\":\"Funda\u00e7\u00e3o Mozambique LNG\",\"url\":\"https:\\\/\\\/mozambiquelngfoundation.org\\\/en\\\/\",\"logo\":{\"@type\":\"ImageObject\",\"inLanguage\":\"en-US\",\"@id\":\"https:\\\/\\\/mozambiquelngfoundation.org\\\/en\\\/#\\\/schema\\\/logo\\\/image\\\/\",\"url\":\"https:\\\/\\\/mozambiquelngfoundation.org\\\/wp-content\\\/uploads\\\/2025\\\/07\\\/logo-fundacao-pt.png\",\"contentUrl\":\"https:\\\/\\\/mozambiquelngfoundation.org\\\/wp-content\\\/uploads\\\/2025\\\/07\\\/logo-fundacao-pt.png\",\"width\":300,\"height\":102,\"caption\":\"Funda\u00e7\u00e3o Mozambique LNG\"},\"image\":{\"@id\":\"https:\\\/\\\/mozambiquelngfoundation.org\\\/en\\\/#\\\/schema\\\/logo\\\/image\\\/\"},\"sameAs\":[\"https:\\\/\\\/www.facebook.com\\\/profile.php?id=61575219521505\"]}]}<\/script>\n<!-- \/ Yoast SEO plugin. -->","yoast_head_json":{"title":"Cross Cutting Dimensions - Funda\u00e7\u00e3o Mozambique LNG","description":"Explore the Mozambique LNG Foundation\u2019s cross-cutting dimensions, including gender equality, social inclusion, and environmental sustainability.","robots":{"index":"index","follow":"follow","max-snippet":"max-snippet:-1","max-image-preview":"max-image-preview:large","max-video-preview":"max-video-preview:-1"},"canonical":"https:\/\/mozambiquelngfoundation.org\/en\/how-we-work\/cross-cutting-dimensions\/","og_locale":"en_US","og_type":"article","og_title":"Cross Cutting Dimensions - Funda\u00e7\u00e3o Mozambique LNG","og_description":"Explore the Mozambique LNG Foundation\u2019s cross-cutting dimensions, including gender equality, social inclusion, and environmental sustainability.","og_url":"https:\/\/mozambiquelngfoundation.org\/en\/how-we-work\/cross-cutting-dimensions\/","og_site_name":"Funda\u00e7\u00e3o Mozambique LNG","article_publisher":"https:\/\/www.facebook.com\/profile.php?id=61575219521505","article_modified_time":"2025-07-16T08:44:46+00:00","twitter_card":"summary_large_image","twitter_misc":{"Est. reading time":"2 minutes"},"schema":{"@context":"https:\/\/schema.org","@graph":[{"@type":"WebPage","@id":"https:\/\/mozambiquelngfoundation.org\/en\/how-we-work\/cross-cutting-dimensions\/","url":"https:\/\/mozambiquelngfoundation.org\/en\/how-we-work\/cross-cutting-dimensions\/","name":"Cross Cutting Dimensions - Funda\u00e7\u00e3o Mozambique LNG","isPartOf":{"@id":"https:\/\/mozambiquelngfoundation.org\/en\/#website"},"datePublished":"2025-07-02T08:33:33+00:00","dateModified":"2025-07-16T08:44:46+00:00","description":"Explore the Mozambique LNG Foundation\u2019s cross-cutting dimensions, including gender equality, social inclusion, and environmental sustainability.","breadcrumb":{"@id":"https:\/\/mozambiquelngfoundation.org\/en\/how-we-work\/cross-cutting-dimensions\/#breadcrumb"},"inLanguage":"en-US","potentialAction":[{"@type":"ReadAction","target":["https:\/\/mozambiquelngfoundation.org\/en\/how-we-work\/cross-cutting-dimensions\/"]}]},{"@type":"BreadcrumbList","@id":"https:\/\/mozambiquelngfoundation.org\/en\/how-we-work\/cross-cutting-dimensions\/#breadcrumb","itemListElement":[{"@type":"ListItem","position":1,"name":"Home","item":"https:\/\/mozambiquelngfoundation.org\/en\/"},{"@type":"ListItem","position":2,"name":"How We Work","item":"https:\/\/mozambiquelngfoundation.org\/como-trabalhamos\/"},{"@type":"ListItem","position":3,"name":"Cross Cutting Dimensions"}]},{"@type":"WebSite","@id":"https:\/\/mozambiquelngfoundation.org\/en\/#website","url":"https:\/\/mozambiquelngfoundation.org\/en\/","name":"Funda\u00e7\u00e3o Mozambique LNG","description":"No \u00e2mbito do Projecto Mo\u00e7ambique LNG, esta iniciativa teve como objectivo promover o desenvolvimento sustent\u00e1vel, a preserva\u00e7\u00e3o ambiental e a diversifica\u00e7\u00e3o econ\u00f3mica em Cabo Delgado.","publisher":{"@id":"https:\/\/mozambiquelngfoundation.org\/en\/#organization"},"potentialAction":[{"@type":"SearchAction","target":{"@type":"EntryPoint","urlTemplate":"https:\/\/mozambiquelngfoundation.org\/en\/?s={search_term_string}"},"query-input":{"@type":"PropertyValueSpecification","valueRequired":true,"valueName":"search_term_string"}}],"inLanguage":"en-US"},{"@type":"Organization","@id":"https:\/\/mozambiquelngfoundation.org\/en\/#organization","name":"Funda\u00e7\u00e3o Mozambique LNG","url":"https:\/\/mozambiquelngfoundation.org\/en\/","logo":{"@type":"ImageObject","inLanguage":"en-US","@id":"https:\/\/mozambiquelngfoundation.org\/en\/#\/schema\/logo\/image\/","url":"https:\/\/mozambiquelngfoundation.org\/wp-content\/uploads\/2025\/07\/logo-fundacao-pt.png","contentUrl":"https:\/\/mozambiquelngfoundation.org\/wp-content\/uploads\/2025\/07\/logo-fundacao-pt.png","width":300,"height":102,"caption":"Funda\u00e7\u00e3o Mozambique LNG"},"image":{"@id":"https:\/\/mozambiquelngfoundation.org\/en\/#\/schema\/logo\/image\/"},"sameAs":["https:\/\/www.facebook.com\/profile.php?id=61575219521505"]}]}},"_links":{"self":[{"href":"https:\/\/mozambiquelngfoundation.org\/en\/wp-json\/wp\/v2\/pages\/669","targetHints":{"allow":["GET"]}}],"collection":[{"href":"https:\/\/mozambiquelngfoundation.org\/en\/wp-json\/wp\/v2\/pages"}],"about":[{"href":"https:\/\/mozambiquelngfoundation.org\/en\/wp-json\/wp\/v2\/types\/page"}],"author":[{"embeddable":true,"href":"https:\/\/mozambiquelngfoundation.org\/en\/wp-json\/wp\/v2\/users\/1"}],"replies":[{"embeddable":true,"href":"https:\/\/mozambiquelngfoundation.org\/en\/wp-json\/wp\/v2\/comments?post=669"}],"version-history":[{"count":1,"href":"https:\/\/mozambiquelngfoundation.org\/en\/wp-json\/wp\/v2\/pages\/669\/revisions"}],"predecessor-version":[{"id":838,"href":"https:\/\/mozambiquelngfoundation.org\/en\/wp-json\/wp\/v2\/pages\/669\/revisions\/838"}],"up":[{"embeddable":true,"href":"https:\/\/mozambiquelngfoundation.org\/en\/wp-json\/wp\/v2\/pages\/270"}],"wp:attachment":[{"href":"https:\/\/mozambiquelngfoundation.org\/en\/wp-json\/wp\/v2\/media?parent=669"}],"curies":[{"name":"wp","href":"https:\/\/api.w.org\/{rel}","templated":true}]}}